{"id":2204,"date":"2026-01-19T05:09:11","date_gmt":"2026-01-19T05:09:11","guid":{"rendered":"https:\/\/artaudioclub.com\/?page_id=2204"},"modified":"2026-01-19T05:29:48","modified_gmt":"2026-01-19T05:29:48","slug":"base-session","status":"publish","type":"page","link":"https:\/\/artaudioclub.com\/?page_id=2204","title":{"rendered":"BASE SESSION"},"content":{"rendered":"\n<figure data-spectra-id=\"spectra-mkkp5u7p-ry8fqh\" class=\"wp-block-image alignwide\"><img fetchpriority=\"high\" decoding=\"async\" width=\"600\" height=\"200\" src=\"https:\/\/artaudioclub.com\/wp-content\/uploads\/2026\/01\/Base-banniere.png\" alt=\"base banni\u00e8re\" class=\"wp-image-2206\" title=\"BASE SESSION\" srcset=\"https:\/\/artaudioclub.com\/wp-content\/uploads\/2026\/01\/Base-banniere.png 600w, https:\/\/artaudioclub.com\/wp-content\/uploads\/2026\/01\/Base-banniere-300x100.png 300w\" sizes=\"(max-width: 600px) 100vw, 600px\" \/><\/figure>\n\n\n\n<p>Base Session investit le Nostalgica Pub pour une nuit o\u00f9 les genres se confondent et les talents se r\u00e9v\u00e8lent. Ce rendez-vous pluridisciplinaire c\u00e9l\u00e8bre la sc\u00e8ne locale \u00e0 travers un format dynamique : showcases curat\u00e9s, improvisations libres et transitions DJ millim\u00e9tr\u00e9es.<\/p>\n\n\n\n<p>Parce que chaque instant de g\u00e9nie m\u00e9rite d\u2019\u00eatre immortalis\u00e9, les performances sont captur\u00e9es et publi\u00e9es pour mettre en lumi\u00e8re les nouveaux visages de la culture.<\/p>\n\n\n\n<p>Date : 30 janvier 2026 | Heure : \u00e0 partir de 20h <\/p>\n\n\n\n<p>Lieu : Nostalgica Pub &amp; Beer Garden | 601 Cumberland Private, Ontario ON K1N 6N5<\/p>\n\n\n\n<p>Admission : Gratuite<\/p>\n\n\n\n<p>\u00c9pisode 002 : Live + Open Mic<\/p>\n\n\n\n<!--nextpage-->\n\n\n\n<h3 class=\"wp-block-heading\">Les archives &#8211; \u00e9pisode 001<\/h3>\n\n\n\n<figure class=\"wp-block-gallery has-nested-images columns-default is-cropped wp-block-gallery-1 is-layout-flex wp-block-gallery-is-layout-flex\">\n<figure data-spectra-id=\"spectra-mkkojuit-u7ef31\" class=\"wp-block-image size-large\"><img decoding=\"async\" width=\"819\" height=\"1024\" data-id=\"2119\" src=\"https:\/\/artaudioclub.com\/wp-content\/uploads\/2026\/01\/10-819x1024.png\" alt=\"10\" class=\"wp-image-2119\" title=\"BASE SESSION\" srcset=\"https:\/\/artaudioclub.com\/wp-content\/uploads\/2026\/01\/10-819x1024.png 819w, https:\/\/artaudioclub.com\/wp-content\/uploads\/2026\/01\/10-240x300.png 240w, https:\/\/artaudioclub.com\/wp-content\/uploads\/2026\/01\/10-768x960.png 768w, https:\/\/artaudioclub.com\/wp-content\/uploads\/2026\/01\/10-1229x1536.png 1229w, https:\/\/artaudioclub.com\/wp-content\/uploads\/2026\/01\/10-1638x2048.png 1638w, https:\/\/artaudioclub.com\/wp-content\/uploads\/2026\/01\/10-scaled.png 2048w\" sizes=\"(max-width: 819px) 100vw, 819px\" \/><\/figure>\n\n\n\n<figure data-spectra-id=\"spectra-mkkojuj6-16kboo\" class=\"wp-block-image size-large\"><img decoding=\"async\" width=\"819\" height=\"1024\" data-id=\"2118\" src=\"https:\/\/artaudioclub.com\/wp-content\/uploads\/2026\/01\/7-819x1024.png\" alt=\"7\" class=\"wp-image-2118\" title=\"BASE SESSION\" srcset=\"https:\/\/artaudioclub.com\/wp-content\/uploads\/2026\/01\/7-819x1024.png 819w, https:\/\/artaudioclub.com\/wp-content\/uploads\/2026\/01\/7-240x300.png 240w, https:\/\/artaudioclub.com\/wp-content\/uploads\/2026\/01\/7-768x960.png 768w, https:\/\/artaudioclub.com\/wp-content\/uploads\/2026\/01\/7-1229x1536.png 1229w, https:\/\/artaudioclub.com\/wp-content\/uploads\/2026\/01\/7-1638x2048.png 1638w, https:\/\/artaudioclub.com\/wp-content\/uploads\/2026\/01\/7-scaled.png 2048w\" sizes=\"(max-width: 819px) 100vw, 819px\" \/><\/figure>\n\n\n\n<figure data-spectra-id=\"spectra-mkkojujh-6ant3u\" class=\"wp-block-image size-large\" style=\"margin-top:0;margin-bottom:0\"><img loading=\"lazy\" decoding=\"async\" width=\"819\" height=\"1024\" data-id=\"2117\" src=\"https:\/\/artaudioclub.com\/wp-content\/uploads\/2026\/01\/3-819x1024.png\" alt=\"3\" class=\"wp-image-2117\" title=\"BASE SESSION\" srcset=\"https:\/\/artaudioclub.com\/wp-content\/uploads\/2026\/01\/3-819x1024.png 819w, https:\/\/artaudioclub.com\/wp-content\/uploads\/2026\/01\/3-240x300.png 240w, https:\/\/artaudioclub.com\/wp-content\/uploads\/2026\/01\/3-768x960.png 768w, https:\/\/artaudioclub.com\/wp-content\/uploads\/2026\/01\/3-1229x1536.png 1229w, https:\/\/artaudioclub.com\/wp-content\/uploads\/2026\/01\/3-1638x2048.png 1638w, https:\/\/artaudioclub.com\/wp-content\/uploads\/2026\/01\/3-scaled.png 2048w\" sizes=\"(max-width: 819px) 100vw, 819px\" \/><\/figure>\n\n\n\n<figure data-spectra-id=\"spectra-mkkojujr-22pon6\" class=\"wp-block-image size-large\"><img loading=\"lazy\" decoding=\"async\" width=\"819\" height=\"1024\" data-id=\"2115\" src=\"https:\/\/artaudioclub.com\/wp-content\/uploads\/2026\/01\/5-819x1024.png\" alt=\"5\" class=\"wp-image-2115\" title=\"BASE SESSION\" srcset=\"https:\/\/artaudioclub.com\/wp-content\/uploads\/2026\/01\/5-819x1024.png 819w, https:\/\/artaudioclub.com\/wp-content\/uploads\/2026\/01\/5-240x300.png 240w, https:\/\/artaudioclub.com\/wp-content\/uploads\/2026\/01\/5-768x960.png 768w, https:\/\/artaudioclub.com\/wp-content\/uploads\/2026\/01\/5-1229x1536.png 1229w, https:\/\/artaudioclub.com\/wp-content\/uploads\/2026\/01\/5-1638x2048.png 1638w, https:\/\/artaudioclub.com\/wp-content\/uploads\/2026\/01\/5-scaled.png 2048w\" sizes=\"(max-width: 819px) 100vw, 819px\" \/><\/figure>\n\n\n\n<figure data-spectra-id=\"spectra-mkkojuk3-h5xfig\" class=\"wp-block-image size-large\"><img loading=\"lazy\" decoding=\"async\" width=\"819\" height=\"1024\" data-id=\"2113\" src=\"https:\/\/artaudioclub.com\/wp-content\/uploads\/2026\/01\/2-819x1024.png\" alt=\"2\" class=\"wp-image-2113\" title=\"BASE SESSION\" srcset=\"https:\/\/artaudioclub.com\/wp-content\/uploads\/2026\/01\/2-819x1024.png 819w, https:\/\/artaudioclub.com\/wp-content\/uploads\/2026\/01\/2-240x300.png 240w, https:\/\/artaudioclub.com\/wp-content\/uploads\/2026\/01\/2-768x960.png 768w, https:\/\/artaudioclub.com\/wp-content\/uploads\/2026\/01\/2-1229x1536.png 1229w, https:\/\/artaudioclub.com\/wp-content\/uploads\/2026\/01\/2-1638x2048.png 1638w, https:\/\/artaudioclub.com\/wp-content\/uploads\/2026\/01\/2-scaled.png 2048w\" sizes=\"(max-width: 819px) 100vw, 819px\" \/><\/figure>\n\n\n\n<figure data-spectra-id=\"spectra-mkkojukh-olyo0b\" class=\"wp-block-image size-large\"><img loading=\"lazy\" decoding=\"async\" width=\"819\" height=\"1024\" data-id=\"2114\" src=\"https:\/\/artaudioclub.com\/wp-content\/uploads\/2026\/01\/4-819x1024.png\" alt=\"4\" class=\"wp-image-2114\" title=\"BASE SESSION\" srcset=\"https:\/\/artaudioclub.com\/wp-content\/uploads\/2026\/01\/4-819x1024.png 819w, https:\/\/artaudioclub.com\/wp-content\/uploads\/2026\/01\/4-240x300.png 240w, https:\/\/artaudioclub.com\/wp-content\/uploads\/2026\/01\/4-768x960.png 768w, https:\/\/artaudioclub.com\/wp-content\/uploads\/2026\/01\/4-1229x1536.png 1229w, https:\/\/artaudioclub.com\/wp-content\/uploads\/2026\/01\/4-1638x2048.png 1638w, https:\/\/artaudioclub.com\/wp-content\/uploads\/2026\/01\/4-scaled.png 2048w\" sizes=\"(max-width: 819px) 100vw, 819px\" \/><\/figure>\n\n\n\n<figure data-spectra-id=\"spectra-mkkojuku-dmn64o\" class=\"wp-block-image size-large\"><img loading=\"lazy\" decoding=\"async\" width=\"819\" height=\"1024\" data-id=\"2116\" src=\"https:\/\/artaudioclub.com\/wp-content\/uploads\/2026\/01\/8-2-819x1024.png\" alt=\"8\" class=\"wp-image-2116\" title=\"BASE SESSION\" srcset=\"https:\/\/artaudioclub.com\/wp-content\/uploads\/2026\/01\/8-2-819x1024.png 819w, https:\/\/artaudioclub.com\/wp-content\/uploads\/2026\/01\/8-2-240x300.png 240w, https:\/\/artaudioclub.com\/wp-content\/uploads\/2026\/01\/8-2-768x960.png 768w, https:\/\/artaudioclub.com\/wp-content\/uploads\/2026\/01\/8-2-1229x1536.png 1229w, https:\/\/artaudioclub.com\/wp-content\/uploads\/2026\/01\/8-2-1638x2048.png 1638w, https:\/\/artaudioclub.com\/wp-content\/uploads\/2026\/01\/8-2-scaled.png 2048w\" sizes=\"(max-width: 819px) 100vw, 819px\" \/><\/figure>\n\n\n\n<figure data-spectra-id=\"spectra-mkkojul8-iz7cik\" class=\"wp-block-image size-large\"><img loading=\"lazy\" decoding=\"async\" width=\"819\" height=\"1024\" data-id=\"2112\" src=\"https:\/\/artaudioclub.com\/wp-content\/uploads\/2026\/01\/1-1-819x1024.png\" alt=\"1\" class=\"wp-image-2112\" title=\"BASE SESSION\" srcset=\"https:\/\/artaudioclub.com\/wp-content\/uploads\/2026\/01\/1-1-819x1024.png 819w, https:\/\/artaudioclub.com\/wp-content\/uploads\/2026\/01\/1-1-240x300.png 240w, https:\/\/artaudioclub.com\/wp-content\/uploads\/2026\/01\/1-1-768x960.png 768w, https:\/\/artaudioclub.com\/wp-content\/uploads\/2026\/01\/1-1-1229x1536.png 1229w, https:\/\/artaudioclub.com\/wp-content\/uploads\/2026\/01\/1-1-1638x2048.png 1638w, https:\/\/artaudioclub.com\/wp-content\/uploads\/2026\/01\/1-1-scaled.png 2048w\" sizes=\"(max-width: 819px) 100vw, 819px\" \/><\/figure>\n<\/figure>\n\n\n\n<p><\/p>\n","protected":false},"excerpt":{"rendered":"<p>Base Session investit le Nostalgica Pub pour une nuit o\u00f9 les genres se confondent et les talents se r\u00e9v\u00e8lent. Ce rendez-vous pluridisciplinaire c\u00e9l\u00e8bre la sc\u00e8ne locale \u00e0 travers un format dynamique : showcases curat\u00e9s, improvisations libres et transitions DJ millim\u00e9tr\u00e9es. Parce que chaque instant de g\u00e9nie m\u00e9rite d\u2019\u00eatre immortalis\u00e9, les performances sont captur\u00e9es et publi\u00e9es [&hellip;]<\/p>\n","protected":false},"author":1,"featured_media":0,"parent":0,"menu_order":0,"comment_status":"closed","ping_status":"closed","template":"","meta":{"_uag_custom_page_level_css":"","site-sidebar-layout":"default","site-content-layout":"","ast-site-content-layout":"default","site-content-style":"default","site-sidebar-style":"default","ast-global-header-display":"","ast-banner-title-visibility":"","ast-main-header-display":"","ast-hfb-above-header-display":"","ast-hfb-below-header-display":"","ast-hfb-mobile-header-display":"","site-post-title":"disabled","ast-breadcrumbs-content":"","ast-featured-img":"","footer-sml-layout":"","ast-disable-related-posts":"","theme-transparent-header-meta":"","adv-header-id-meta":"","stick-header-meta":"","header-above-stick-meta":"","header-main-stick-meta":"","header-below-stick-meta":"","astra-migrate-meta-layouts":"set","ast-page-background-enabled":"default","ast-page-background-meta":{"desktop":{"background-color":"","background-image":"","background-repeat":"repeat","background-position":"center center","background-size":"auto","background-attachment":"scroll","background-type":"","background-media":"","overlay-type":"","overlay-color":"","overlay-opacity":"","overlay-gradient":""},"tablet":{"background-color":"","background-image":"","background-repeat":"repeat","background-position":"center center","background-size":"auto","background-attachment":"scroll","background-type":"","background-media":"","overlay-type":"","overlay-color":"","overlay-opacity":"","overlay-gradient":""},"mobile":{"background-color":"","background-image":"","background-repeat":"repeat","background-position":"center center","background-size":"auto","background-attachment":"scroll","background-type":"","background-media":"","overlay-type":"","overlay-color":"","overlay-opacity":"","overlay-gradient":""}},"ast-content-background-meta":{"desktop":{"background-color":"var(--ast-global-color-5)","background-image":"","background-repeat":"repeat","background-position":"center center","background-size":"auto","background-attachment":"scroll","background-type":"","background-media":"","overlay-type":"","overlay-color":"","overlay-opacity":"","overlay-gradient":""},"tablet":{"background-color":"var(--ast-global-color-5)","background-image":"","background-repeat":"repeat","background-position":"center center","background-size":"auto","background-attachment":"scroll","background-type":"","background-media":"","overlay-type":"","overlay-color":"","overlay-opacity":"","overlay-gradient":""},"mobile":{"background-color":"var(--ast-global-color-5)","background-image":"","background-repeat":"repeat","background-position":"center center","background-size":"auto","background-attachment":"scroll","background-type":"","background-media":"","overlay-type":"","overlay-color":"","overlay-opacity":"","overlay-gradient":""}},"footnotes":""},"class_list":["post-2204","page","type-page","status-publish","hentry"],"_hostinger_reach_plugin_has_subscription_block":false,"_hostinger_reach_plugin_is_elementor":false,"uagb_featured_image_src":{"full":false,"thumbnail":false,"medium":false,"medium_large":false,"large":false,"1536x1536":false,"2048x2048":false},"uagb_author_info":{"display_name":"abaevelynewilliam@gmail.com","author_link":"https:\/\/artaudioclub.com\/?author=1"},"uagb_comment_info":0,"uagb_excerpt":"Base Session investit le Nostalgica Pub pour une nuit o\u00f9 les genres se confondent et les talents se r\u00e9v\u00e8lent. Ce rendez-vous pluridisciplinaire c\u00e9l\u00e8bre la sc\u00e8ne locale \u00e0 travers un format dynamique : showcases curat\u00e9s, improvisations libres et transitions DJ millim\u00e9tr\u00e9es. Parce que chaque instant de g\u00e9nie m\u00e9rite d\u2019\u00eatre immortalis\u00e9, les performances sont captur\u00e9es et publi\u00e9es\u2026","_links":{"self":[{"href":"https:\/\/artaudioclub.com\/index.php?rest_route=\/wp\/v2\/pages\/2204","targetHints":{"allow":["GET"]}}],"collection":[{"href":"https:\/\/artaudioclub.com\/index.php?rest_route=\/wp\/v2\/pages"}],"about":[{"href":"https:\/\/artaudioclub.com\/index.php?rest_route=\/wp\/v2\/types\/page"}],"author":[{"embeddable":true,"href":"https:\/\/artaudioclub.com\/index.php?rest_route=\/wp\/v2\/users\/1"}],"replies":[{"embeddable":true,"href":"https:\/\/artaudioclub.com\/index.php?rest_route=%2Fwp%2Fv2%2Fcomments&post=2204"}],"version-history":[{"count":3,"href":"https:\/\/artaudioclub.com\/index.php?rest_route=\/wp\/v2\/pages\/2204\/revisions"}],"predecessor-version":[{"id":2227,"href":"https:\/\/artaudioclub.com\/index.php?rest_route=\/wp\/v2\/pages\/2204\/revisions\/2227"}],"wp:attachment":[{"href":"https:\/\/artaudioclub.com\/index.php?rest_route=%2Fwp%2Fv2%2Fmedia&parent=2204"}],"curies":[{"name":"wp","href":"https:\/\/api.w.org\/{rel}","templated":true}]}}