{"id":691,"date":"2026-01-17T03:29:22","date_gmt":"2026-01-17T03:29:22","guid":{"rendered":"https:\/\/artaudioclub.com\/home\/"},"modified":"2026-01-19T05:46:26","modified_gmt":"2026-01-19T05:46:26","slug":"home","status":"publish","type":"page","link":"https:\/\/artaudioclub.com\/","title":{"rendered":"ACCUEIL"},"content":{"rendered":"\n<div class=\"wp-block-cover aligncenter\"><img fetchpriority=\"high\" decoding=\"async\" width=\"1024\" height=\"341\" class=\"wp-block-cover__image-background wp-image-2232 size-large\" alt=\"banni\u00e8re logo\" src=\"https:\/\/artaudioclub.com\/wp-content\/uploads\/2026\/01\/Banniere-logo-1024x341.png\" style=\"object-position:46% 49%\" data-object-fit=\"cover\" data-object-position=\"46% 49%\" title=\"ACCUEIL\" srcset=\"https:\/\/artaudioclub.com\/wp-content\/uploads\/2026\/01\/Banniere-logo-1024x341.png 1024w, https:\/\/artaudioclub.com\/wp-content\/uploads\/2026\/01\/Banniere-logo-300x100.png 300w, https:\/\/artaudioclub.com\/wp-content\/uploads\/2026\/01\/Banniere-logo-768x256.png 768w, https:\/\/artaudioclub.com\/wp-content\/uploads\/2026\/01\/Banniere-logo.png 1500w\" sizes=\"(max-width: 1024px) 100vw, 1024px\" \/><span aria-hidden=\"true\" class=\"wp-block-cover__background has-background-dim\" style=\"background-color:#0b0b0a\"><\/span><div class=\"wp-block-cover__inner-container is-layout-constrained wp-block-cover-is-layout-constrained\">\n<p class=\"has-text-align-center has-large-font-size\"><\/p>\n<\/div><\/div>\n\n\n<div data-spectra-id=\"spectra-mkki9x57-9wa6u4\" style=\"display: flex; justify-content: center; \" class=\"wp-block-spectra-separator alignfull wp-block-spectra-separator\">\n\t<div class=\"spectra-separator-line\" style=\"margin-left: auto; margin-right: auto; background-color: currentColor; \"><\/div>\n<\/div>\n\n\n\n<h3 data-aos-delay=\"0\" data-aos-duration=\"400\" data-aos-easing=\"ease\" data-aos-once=\"true\" data-aos=\"slide-up\" class=\"wp-block-heading alignwide has-text-align-left\">l&rsquo;univers Art audio club<\/h3>\n\n\n\n<p data-aos-delay=\"0\" data-aos-duration=\"400\" data-aos-easing=\"ease\" data-aos-once=\"true\" data-aos=\"slide-up\" class=\"has-text-align-left\"><strong>Nous sommes un espace de cr\u00e9ation, de collaboration et de promotion de la musique francophone \u00e0 l\u2019Universit\u00e9 d\u2019Ottawa fond\u00e9 le 11 avril 2025 dont les valeurs sont la cr\u00e9ativit\u00e9 et l&rsquo;authenticit\u00e9, l&rsquo;usage de la langue fran\u00e7aise dans la cr\u00e9ativit\u00e9 et la production musicale, l&rsquo;inclusion et la lutte contre toute forme de discrimination. <\/strong><\/p>\n\n\n\n<div class=\"wp-block-buttons is-layout-flex wp-block-buttons-is-layout-flex\">\n<div class=\"wp-block-button\"><a class=\"wp-block-button__link wp-element-button\" href=\"https:\/\/artaudioclub.com\/?page_id=694\">D\u00e9couvrir le club<\/a><\/div>\n<\/div>\n\n\n<div data-spectra-id=\"spectra-mkkia12s-u6d4qo\" style=\"display: flex; justify-content: center; \" class=\"wp-block-spectra-separator alignfull wp-block-spectra-separator\">\n\t<div class=\"spectra-separator-line\" style=\"margin-left: auto; margin-right: auto; background-color: currentColor; \"><\/div>\n<\/div>\n\n\n\n<div data-aos-delay=\"0\" data-aos-duration=\"400\" data-aos-easing=\"ease\" data-aos-once=\"true\" data-aos=\"slide-up\" class=\"wp-block-columns alignfull is-layout-flex wp-container-core-columns-is-layout-28f84493 wp-block-columns-is-layout-flex\">\n<div class=\"wp-block-column is-layout-flow wp-block-column-is-layout-flow\">\n<h3 class=\"wp-block-heading\">\u00c9v\u00e9nement \u00e0 venir<\/h3>\n\n\n\n<div data-aos-delay=\"0\" data-aos-duration=\"400\" data-aos-easing=\"ease\" data-aos-once=\"true\" data-aos=\"slide-right\" class=\"wp-block-media-text is-stacked-on-mobile\" style=\"grid-template-columns:35% auto\"><figure class=\"wp-block-media-text__media\"><img decoding=\"async\" width=\"819\" height=\"1024\" src=\"https:\/\/artaudioclub.com\/wp-content\/uploads\/2026\/01\/Base-Session-Poster.png-1-819x1024.png\" alt=\"base session poster.png (1)\" class=\"wp-image-2104 size-full\" title=\"ACCUEIL\" srcset=\"https:\/\/artaudioclub.com\/wp-content\/uploads\/2026\/01\/Base-Session-Poster.png-1-819x1024.png 819w, https:\/\/artaudioclub.com\/wp-content\/uploads\/2026\/01\/Base-Session-Poster.png-1-240x300.png 240w, https:\/\/artaudioclub.com\/wp-content\/uploads\/2026\/01\/Base-Session-Poster.png-1-768x960.png 768w, https:\/\/artaudioclub.com\/wp-content\/uploads\/2026\/01\/Base-Session-Poster.png-1-1229x1536.png 1229w, https:\/\/artaudioclub.com\/wp-content\/uploads\/2026\/01\/Base-Session-Poster.png-1-1638x2048.png 1638w, https:\/\/artaudioclub.com\/wp-content\/uploads\/2026\/01\/Base-Session-Poster.png-1-scaled.png 2048w\" sizes=\"(max-width: 819px) 100vw, 819px\" \/><\/figure><div class=\"wp-block-media-text__content\">\n<p><\/p>\n\n\n\n<h2 class=\"wp-block-heading\">base session<\/h2>\n\n\n\n<p><strong>\u00c9pisode : 002<\/strong><\/p>\n\n\n\n<p><strong>Date : <\/strong>vendredi 30 janvier 2026<\/p>\n\n\n\n<p><strong>Heure : <\/strong>\u00e0 partir de 20h<\/p>\n\n\n\n<p><strong>Admission :<\/strong> entr\u00e9e gratuite <\/p>\n\n\n\n<p><strong>Limite <\/strong>: +18 ans <\/p>\n\n\n\n<p><strong>Lieu : <\/strong>Nostalgica Pub &amp; Beer Garden<\/p>\n\n\n\n<p><strong>Localisation : <\/strong>601 Cumberland St, Ottawa ON K1N 6N5<\/p>\n<\/div><\/div>\n<\/div>\n<\/div>\n\n\n<div data-spectra-id=\"spectra-mkkicb7m-nlct13\" style=\"display: flex; justify-content: center; \" class=\"wp-block-spectra-separator alignfull wp-block-spectra-separator\">\n\t<div class=\"spectra-separator-line\" style=\"margin-left: auto; margin-right: auto; background-color: currentColor; \"><\/div>\n<\/div>\n\n\n\n<h2 class=\"wp-block-heading has-text-align-center\">Nous joindre<\/h2>\n\n\n\n<p class=\"has-text-align-center\">Pour toutes demandes d&rsquo;informations, \u00e9crivez-nous sur Instagram ou via le formulaire de contact ci-dessous. Nous traiterons votre demande le plus t\u00f4t possible. <\/p>\n\n\n\n<p class=\"has-text-align-center\">Note importante : pr\u00e9voir un d\u00e9lai de 72 h. <\/p>\n\n\n<div data-spectra-id=\"spectra-mkkif9e3-lpuhjw\" class=\"wp-block-button spectra-buttons wp-block-spectra-buttons\">\n\t\n<a data-spectra-id=\"spectra-mkkifa5l-0qffr2\" href=\"https:\/\/artaudioclub.com\/form\/formulaire-de-contact\/\" target=\"_self\" aria-label=\"\u00c9crivez-nous\" class=\"wp-block-button__link wp-element-button wp-block-spectra-button\">\n<div class=\"spectra-button__link\">\u00c9crivez-nous<\/div><\/a>\n\n<\/div>\n\n\n<div data-spectra-id=\"spectra-mkkic6ij-iovqyc\" style=\"display: flex; justify-content: center; \" class=\"wp-block-spectra-separator alignfull wp-block-spectra-separator\">\n\t<div class=\"spectra-separator-line\" style=\"margin-left: auto; margin-right: auto; background-color: currentColor; \"><\/div>\n<\/div>\n\n\n\n<h2 class=\"wp-block-heading\">Les archives Base session<\/h2>\n\n\n\n<p>\u00c9pisode 001 : Live + Open Mic<\/p>\n\n\n\n<figure data-aos-delay=\"0\" data-aos-duration=\"400\" data-aos-easing=\"ease\" data-aos-once=\"true\" data-aos=\"zoom-in-up\" style=\"--spectra-z-index: 176;\" class=\"wp-block-gallery has-nested-images columns-4 is-cropped wp-block-gallery-1 has-z-index is-layout-flex wp-block-gallery-is-layout-flex\">\n<figure data-spectra-id=\"spectra-mkkczi17-lyod4v\" class=\"wp-block-image size-large\"><img decoding=\"async\" width=\"819\" height=\"1024\" data-id=\"2116\" src=\"https:\/\/artaudioclub.com\/wp-content\/uploads\/2026\/01\/8-2-819x1024.png\" alt=\"8\" class=\"wp-image-2116\" title=\"ACCUEIL\" srcset=\"https:\/\/artaudioclub.com\/wp-content\/uploads\/2026\/01\/8-2-819x1024.png 819w, https:\/\/artaudioclub.com\/wp-content\/uploads\/2026\/01\/8-2-240x300.png 240w, https:\/\/artaudioclub.com\/wp-content\/uploads\/2026\/01\/8-2-768x960.png 768w, https:\/\/artaudioclub.com\/wp-content\/uploads\/2026\/01\/8-2-1229x1536.png 1229w, https:\/\/artaudioclub.com\/wp-content\/uploads\/2026\/01\/8-2-1638x2048.png 1638w, https:\/\/artaudioclub.com\/wp-content\/uploads\/2026\/01\/8-2-scaled.png 2048w\" sizes=\"(max-width: 819px) 100vw, 819px\" \/><\/figure>\n\n\n\n<figure data-spectra-id=\"spectra-mkkczi1z-0069b6\" class=\"wp-block-image size-large\"><img loading=\"lazy\" decoding=\"async\" width=\"819\" height=\"1024\" data-id=\"2118\" src=\"https:\/\/artaudioclub.com\/wp-content\/uploads\/2026\/01\/7-819x1024.png\" alt=\"7\" class=\"wp-image-2118\" title=\"ACCUEIL\" srcset=\"https:\/\/artaudioclub.com\/wp-content\/uploads\/2026\/01\/7-819x1024.png 819w, https:\/\/artaudioclub.com\/wp-content\/uploads\/2026\/01\/7-240x300.png 240w, https:\/\/artaudioclub.com\/wp-content\/uploads\/2026\/01\/7-768x960.png 768w, https:\/\/artaudioclub.com\/wp-content\/uploads\/2026\/01\/7-1229x1536.png 1229w, https:\/\/artaudioclub.com\/wp-content\/uploads\/2026\/01\/7-1638x2048.png 1638w, https:\/\/artaudioclub.com\/wp-content\/uploads\/2026\/01\/7-scaled.png 2048w\" sizes=\"(max-width: 819px) 100vw, 819px\" \/><\/figure>\n\n\n\n<figure data-spectra-id=\"spectra-mkkczi2r-ag7qah\" class=\"wp-block-image size-large\"><img loading=\"lazy\" decoding=\"async\" width=\"819\" height=\"1024\" data-id=\"2119\" src=\"https:\/\/artaudioclub.com\/wp-content\/uploads\/2026\/01\/10-819x1024.png\" alt=\"10\" class=\"wp-image-2119\" title=\"ACCUEIL\" srcset=\"https:\/\/artaudioclub.com\/wp-content\/uploads\/2026\/01\/10-819x1024.png 819w, https:\/\/artaudioclub.com\/wp-content\/uploads\/2026\/01\/10-240x300.png 240w, https:\/\/artaudioclub.com\/wp-content\/uploads\/2026\/01\/10-768x960.png 768w, https:\/\/artaudioclub.com\/wp-content\/uploads\/2026\/01\/10-1229x1536.png 1229w, https:\/\/artaudioclub.com\/wp-content\/uploads\/2026\/01\/10-1638x2048.png 1638w, https:\/\/artaudioclub.com\/wp-content\/uploads\/2026\/01\/10-scaled.png 2048w\" sizes=\"(max-width: 819px) 100vw, 819px\" \/><\/figure>\n\n\n\n<figure data-spectra-id=\"spectra-mkkczi3k-ycx06n\" class=\"wp-block-image size-large\"><img loading=\"lazy\" decoding=\"async\" width=\"819\" height=\"1024\" data-id=\"2115\" src=\"https:\/\/artaudioclub.com\/wp-content\/uploads\/2026\/01\/5-819x1024.png\" alt=\"5\" class=\"wp-image-2115\" title=\"ACCUEIL\" srcset=\"https:\/\/artaudioclub.com\/wp-content\/uploads\/2026\/01\/5-819x1024.png 819w, https:\/\/artaudioclub.com\/wp-content\/uploads\/2026\/01\/5-240x300.png 240w, https:\/\/artaudioclub.com\/wp-content\/uploads\/2026\/01\/5-768x960.png 768w, https:\/\/artaudioclub.com\/wp-content\/uploads\/2026\/01\/5-1229x1536.png 1229w, https:\/\/artaudioclub.com\/wp-content\/uploads\/2026\/01\/5-1638x2048.png 1638w, https:\/\/artaudioclub.com\/wp-content\/uploads\/2026\/01\/5-scaled.png 2048w\" sizes=\"(max-width: 819px) 100vw, 819px\" \/><\/figure>\n\n\n\n<figure data-spectra-id=\"spectra-mkkczi4b-wxljhl\" class=\"wp-block-image size-large\"><img loading=\"lazy\" decoding=\"async\" width=\"819\" height=\"1024\" data-id=\"2114\" src=\"https:\/\/artaudioclub.com\/wp-content\/uploads\/2026\/01\/4-819x1024.png\" alt=\"4\" class=\"wp-image-2114\" title=\"ACCUEIL\" srcset=\"https:\/\/artaudioclub.com\/wp-content\/uploads\/2026\/01\/4-819x1024.png 819w, https:\/\/artaudioclub.com\/wp-content\/uploads\/2026\/01\/4-240x300.png 240w, https:\/\/artaudioclub.com\/wp-content\/uploads\/2026\/01\/4-768x960.png 768w, https:\/\/artaudioclub.com\/wp-content\/uploads\/2026\/01\/4-1229x1536.png 1229w, https:\/\/artaudioclub.com\/wp-content\/uploads\/2026\/01\/4-1638x2048.png 1638w, https:\/\/artaudioclub.com\/wp-content\/uploads\/2026\/01\/4-scaled.png 2048w\" sizes=\"(max-width: 819px) 100vw, 819px\" \/><\/figure>\n\n\n\n<figure data-spectra-id=\"spectra-mkkczi54-fhvqk4\" class=\"wp-block-image size-large\"><img loading=\"lazy\" decoding=\"async\" width=\"819\" height=\"1024\" data-id=\"2117\" src=\"https:\/\/artaudioclub.com\/wp-content\/uploads\/2026\/01\/3-819x1024.png\" alt=\"3\" class=\"wp-image-2117\" title=\"ACCUEIL\" srcset=\"https:\/\/artaudioclub.com\/wp-content\/uploads\/2026\/01\/3-819x1024.png 819w, https:\/\/artaudioclub.com\/wp-content\/uploads\/2026\/01\/3-240x300.png 240w, https:\/\/artaudioclub.com\/wp-content\/uploads\/2026\/01\/3-768x960.png 768w, https:\/\/artaudioclub.com\/wp-content\/uploads\/2026\/01\/3-1229x1536.png 1229w, https:\/\/artaudioclub.com\/wp-content\/uploads\/2026\/01\/3-1638x2048.png 1638w, https:\/\/artaudioclub.com\/wp-content\/uploads\/2026\/01\/3-scaled.png 2048w\" sizes=\"(max-width: 819px) 100vw, 819px\" \/><\/figure>\n\n\n\n<figure data-spectra-id=\"spectra-mkkczi5v-6gx3sq\" class=\"wp-block-image size-large\"><img loading=\"lazy\" decoding=\"async\" width=\"819\" height=\"1024\" data-id=\"2113\" src=\"https:\/\/artaudioclub.com\/wp-content\/uploads\/2026\/01\/2-819x1024.png\" alt=\"2\" class=\"wp-image-2113\" title=\"ACCUEIL\" srcset=\"https:\/\/artaudioclub.com\/wp-content\/uploads\/2026\/01\/2-819x1024.png 819w, https:\/\/artaudioclub.com\/wp-content\/uploads\/2026\/01\/2-240x300.png 240w, https:\/\/artaudioclub.com\/wp-content\/uploads\/2026\/01\/2-768x960.png 768w, https:\/\/artaudioclub.com\/wp-content\/uploads\/2026\/01\/2-1229x1536.png 1229w, https:\/\/artaudioclub.com\/wp-content\/uploads\/2026\/01\/2-1638x2048.png 1638w, https:\/\/artaudioclub.com\/wp-content\/uploads\/2026\/01\/2-scaled.png 2048w\" sizes=\"(max-width: 819px) 100vw, 819px\" \/><\/figure>\n\n\n\n<figure data-spectra-id=\"spectra-mkkczi6o-yllsa1\" class=\"wp-block-image size-large\"><img loading=\"lazy\" decoding=\"async\" width=\"819\" height=\"1024\" data-id=\"2112\" src=\"https:\/\/artaudioclub.com\/wp-content\/uploads\/2026\/01\/1-1-819x1024.png\" alt=\"1\" class=\"wp-image-2112\" title=\"ACCUEIL\" srcset=\"https:\/\/artaudioclub.com\/wp-content\/uploads\/2026\/01\/1-1-819x1024.png 819w, https:\/\/artaudioclub.com\/wp-content\/uploads\/2026\/01\/1-1-240x300.png 240w, https:\/\/artaudioclub.com\/wp-content\/uploads\/2026\/01\/1-1-768x960.png 768w, https:\/\/artaudioclub.com\/wp-content\/uploads\/2026\/01\/1-1-1229x1536.png 1229w, https:\/\/artaudioclub.com\/wp-content\/uploads\/2026\/01\/1-1-1638x2048.png 1638w, https:\/\/artaudioclub.com\/wp-content\/uploads\/2026\/01\/1-1-scaled.png 2048w\" sizes=\"(max-width: 819px) 100vw, 819px\" \/><\/figure>\n<\/figure>\n\n\n\n<p><\/p>\n","protected":false},"excerpt":{"rendered":"<p>l&rsquo;univers Art audio club Nous sommes un espace de cr\u00e9ation, de collaboration et de promotion de la musique francophone \u00e0 l\u2019Universit\u00e9 d\u2019Ottawa fond\u00e9 le 11 avril 2025 dont les valeurs sont la cr\u00e9ativit\u00e9 et l&rsquo;authenticit\u00e9, l&rsquo;usage de la langue fran\u00e7aise dans la cr\u00e9ativit\u00e9 et la production musicale, l&rsquo;inclusion et la lutte contre toute forme de [&hellip;]<\/p>\n","protected":false},"author":1,"featured_media":0,"parent":0,"menu_order":0,"comment_status":"closed","ping_status":"closed","template":"","meta":{"_uag_custom_page_level_css":"","site-sidebar-layout":"no-sidebar","site-content-layout":"page-builder","ast-site-content-layout":"full-width-container","site-content-style":"unboxed","site-sidebar-style":"unboxed","ast-global-header-display":"","ast-banner-title-visibility":"","ast-main-header-display":"","ast-hfb-above-header-display":"","ast-hfb-below-header-display":"","ast-hfb-mobile-header-display":"","site-post-title":"","ast-breadcrumbs-content":"","ast-featured-img":"disabled","footer-sml-layout":"","ast-disable-related-posts":"","theme-transparent-header-meta":"enabled","adv-header-id-meta":"","stick-header-meta":"","header-above-stick-meta":"","header-main-stick-meta":"","header-below-stick-meta":"","astra-migrate-meta-layouts":"set","ast-page-background-enabled":"default","ast-page-background-meta":{"desktop":{"background-color":"","background-image":"","background-repeat":"repeat","background-position":"center center","background-size":"auto","background-attachment":"scroll","background-type":"","background-media":"","overlay-type":"","overlay-color":"","overlay-opacity":"","overlay-gradient":""},"tablet":{"background-color":"","background-image":"","background-repeat":"repeat","background-position":"center center","background-size":"auto","background-attachment":"scroll","background-type":"","background-media":"","overlay-type":"","overlay-color":"","overlay-opacity":"","overlay-gradient":""},"mobile":{"background-color":"","background-image":"","background-repeat":"repeat","background-position":"center center","background-size":"auto","background-attachment":"scroll","background-type":"","background-media":"","overlay-type":"","overlay-color":"","overlay-opacity":"","overlay-gradient":""}},"ast-content-background-meta":{"desktop":{"background-color":"var(--ast-global-color-5)","background-image":"","background-repeat":"repeat","background-position":"center center","background-size":"auto","background-attachment":"scroll","background-type":"","background-media":"","overlay-type":"","overlay-color":"","overlay-opacity":"","overlay-gradient":""},"tablet":{"background-color":"var(--ast-global-color-5)","background-image":"","background-repeat":"repeat","background-position":"center center","background-size":"auto","background-attachment":"scroll","background-type":"","background-media":"","overlay-type":"","overlay-color":"","overlay-opacity":"","overlay-gradient":""},"mobile":{"background-color":"var(--ast-global-color-5)","background-image":"","background-repeat":"repeat","background-position":"center center","background-size":"auto","background-attachment":"scroll","background-type":"","background-media":"","overlay-type":"","overlay-color":"","overlay-opacity":"","overlay-gradient":""}},"footnotes":""},"class_list":["post-691","page","type-page","status-publish","hentry"],"_hostinger_reach_plugin_has_subscription_block":false,"_hostinger_reach_plugin_is_elementor":false,"uagb_featured_image_src":{"full":false,"thumbnail":false,"medium":false,"medium_large":false,"large":false,"1536x1536":false,"2048x2048":false},"uagb_author_info":{"display_name":"abaevelynewilliam@gmail.com","author_link":"https:\/\/artaudioclub.com\/?author=1"},"uagb_comment_info":0,"uagb_excerpt":"l&rsquo;univers Art audio club Nous sommes un espace de cr\u00e9ation, de collaboration et de promotion de la musique francophone \u00e0 l\u2019Universit\u00e9 d\u2019Ottawa fond\u00e9 le 11 avril 2025 dont les valeurs sont la cr\u00e9ativit\u00e9 et l&rsquo;authenticit\u00e9, l&rsquo;usage de la langue fran\u00e7aise dans la cr\u00e9ativit\u00e9 et la production musicale, l&rsquo;inclusion et la lutte contre toute forme de\u2026","_links":{"self":[{"href":"https:\/\/artaudioclub.com\/index.php?rest_route=\/wp\/v2\/pages\/691","targetHints":{"allow":["GET"]}}],"collection":[{"href":"https:\/\/artaudioclub.com\/index.php?rest_route=\/wp\/v2\/pages"}],"about":[{"href":"https:\/\/artaudioclub.com\/index.php?rest_route=\/wp\/v2\/types\/page"}],"author":[{"embeddable":true,"href":"https:\/\/artaudioclub.com\/index.php?rest_route=\/wp\/v2\/users\/1"}],"replies":[{"embeddable":true,"href":"https:\/\/artaudioclub.com\/index.php?rest_route=%2Fwp%2Fv2%2Fcomments&post=691"}],"version-history":[{"count":20,"href":"https:\/\/artaudioclub.com\/index.php?rest_route=\/wp\/v2\/pages\/691\/revisions"}],"predecessor-version":[{"id":2235,"href":"https:\/\/artaudioclub.com\/index.php?rest_route=\/wp\/v2\/pages\/691\/revisions\/2235"}],"wp:attachment":[{"href":"https:\/\/artaudioclub.com\/index.php?rest_route=%2Fwp%2Fv2%2Fmedia&parent=691"}],"curies":[{"name":"wp","href":"https:\/\/api.w.org\/{rel}","templated":true}]}}