{"id":694,"date":"2026-01-17T03:29:22","date_gmt":"2026-01-17T03:29:22","guid":{"rendered":"https:\/\/artaudioclub.com\/biography\/"},"modified":"2026-01-19T05:29:01","modified_gmt":"2026-01-19T05:29:01","slug":"biography","status":"publish","type":"page","link":"https:\/\/artaudioclub.com\/?page_id=694","title":{"rendered":"LE CLUB"},"content":{"rendered":"\n<div class=\"wp-block-columns is-layout-flex wp-container-core-columns-is-layout-28f84493 wp-block-columns-is-layout-flex\">\n<div class=\"wp-block-column is-layout-flow wp-block-column-is-layout-flow\">\n<h2 class=\"wp-block-heading\">Le club<\/h2>\n\n\n\n<p>Au c\u0153ur du campus de l\u2019Universit\u00e9 d\u2019Ottawa, le <strong>Club d\u2019art audio<\/strong> ( <strong><em>Art Audio Club<\/em><\/strong> ou encore <strong><em>ACC<\/em><\/strong>) s&rsquo;impose comme le sanctuaire de la cr\u00e9ation \u00e9mergente. <\/p>\n\n\n\n<p>Bien plus qu\u2019un espace de rencontre, c\u2019est un laboratoire de collisions cr\u00e9atives o\u00f9 l\u2019exp\u00e9rimentation sonore rencontre la synergie collective. <\/p>\n\n\n\n<p>Fond\u00e9 le 11 avril 2025 et d\u00e9di\u00e9 \u00e0 l\u2019\u00e9closion et au rayonnement de la musique francophone, le Club agit comme un acc\u00e9l\u00e9rateur de talents, offrant une plateforme d&rsquo;expression unique \u00e0 une g\u00e9n\u00e9ration d\u2019artistes d\u00e9termin\u00e9e \u00e0 fa\u00e7onner la musique d&rsquo;aujourd&rsquo;hui et de demain. <\/p>\n\n\n\n<p>Ici, langue et rythme s\u2019unissent pour red\u00e9finir les contours de la sc\u00e8ne musicale locale.<\/p>\n<\/div>\n\n\n\n<div class=\"wp-block-column is-layout-flow wp-block-column-is-layout-flow\">\n<h2 class=\"wp-block-heading\">Notre mission<\/h2>\n\n\n\n<ul data-spectra-id=\"spectra-mkkbnvc2-3i8jrg\" class=\"spectra-list spectra-list-unordered wp-block-spectra-list\">\n\t\n\n<li data-spectra-id=\"spectra-mkkbnvwm-aqcb0x\" class=\"spectra-list-item spectra-list-item-unordered spectra-list-item-level-0 wp-block-spectra-list-child-item\">\n\t\n<div data-spectra-id=\"spectra-mkkbnwgj-80q6nf\" class=\"spectra-list-icon spectra-list-icon-unordered wp-block-spectra-list-child-icon\">\n\t\t\t\t\t\t<svg class=\"spectra-icon\" xmlns=\"https:\/\/www.w3.org\/2000\/svg\" viewBox=\"0 0 512 512\" focusable=\"false\" style=\"fill: currentColor\"><path d=\"M512 256C512 397.4 397.4 512 256 512C114.6 512 0 397.4 0 256C0 114.6 114.6 0 256 0C397.4 0 512 114.6 512 256z\"><\/path><\/svg>\n\t\t\t\t<\/div>\n\n\n<div data-spectra-id=\"spectra-mkkbnwgw-zps9vx\" style=\"overflow: visible\" class=\"spectra-overlay-color spectra-overflow wp-block-spectra-container\" data-orientation=\"vertical\">\n\t\n\n<p>Favoriser la cr\u00e9ation musicale (production, beatmaking, mixage, \u00e9criture, etc.).<\/p>\n\n<\/div>\n\n<\/li>\n\n\n\n<li data-spectra-id=\"spectra-2b1318d6-1ca4-41e9-a9e8-b3539e57482e\" class=\"spectra-list-item spectra-list-item-unordered spectra-list-item-level-0 wp-block-spectra-list-child-item\">\n\t\n<div data-spectra-id=\"spectra-48faf117-e4e8-459a-9325-7dd23ed6b628\" class=\"spectra-list-icon spectra-list-icon-unordered wp-block-spectra-list-child-icon\">\n\t\t\t\t\t\t<svg class=\"spectra-icon\" xmlns=\"https:\/\/www.w3.org\/2000\/svg\" viewBox=\"0 0 512 512\" focusable=\"false\" style=\"fill: currentColor\"><path d=\"M512 256C512 397.4 397.4 512 256 512C114.6 512 0 397.4 0 256C0 114.6 114.6 0 256 0C397.4 0 512 114.6 512 256z\"><\/path><\/svg>\n\t\t\t\t<\/div>\n\n\n<div data-spectra-id=\"spectra-9da0b9de-6a2f-4054-9bc0-c725839adbf3\" style=\"overflow: visible\" class=\"spectra-overlay-color spectra-overflow wp-block-spectra-container\" data-orientation=\"vertical\">\n\t\n\n<p>Promouvoir les artistes francophones et la diversit\u00e9 musicale et culturelle du campus.<\/p>\n\n<\/div>\n\n<\/li>\n\n<\/ul>\n\n\n\n<ul data-spectra-id=\"spectra-877b7fee-767d-473b-8285-02bd69456e41\" class=\"spectra-list spectra-list-unordered wp-block-spectra-list\">\n\t\n\n<li data-spectra-id=\"spectra-2b11f632-0ce1-4236-94f5-298b5b13fdba\" class=\"spectra-list-item spectra-list-item-unordered spectra-list-item-level-0 wp-block-spectra-list-child-item\">\n\t\n<div data-spectra-id=\"spectra-174ecf63-e52b-4613-8ee6-e8fddb020d5b\" class=\"spectra-list-icon spectra-list-icon-unordered wp-block-spectra-list-child-icon\">\n\t\t\t\t\t\t<svg class=\"spectra-icon\" xmlns=\"https:\/\/www.w3.org\/2000\/svg\" viewBox=\"0 0 512 512\" focusable=\"false\" style=\"fill: currentColor\"><path d=\"M512 256C512 397.4 397.4 512 256 512C114.6 512 0 397.4 0 256C0 114.6 114.6 0 256 0C397.4 0 512 114.6 512 256z\"><\/path><\/svg>\n\t\t\t\t<\/div>\n\n\n<div data-spectra-id=\"spectra-84683c3f-a1a2-4549-a4a2-024b464990cc\" style=\"overflow: visible\" class=\"spectra-overlay-color spectra-overflow wp-block-spectra-container\" data-orientation=\"vertical\">\n\t\n\n<p>Cr\u00e9er des partenariats interclubs et interculturels.<\/p>\n\n<\/div>\n\n<\/li>\n\n\n\n<li data-spectra-id=\"spectra-ef8f3681-5072-4fe5-9be6-fc09e5f2164d\" class=\"spectra-list-item spectra-list-item-unordered spectra-list-item-level-0 wp-block-spectra-list-child-item\">\n\t\n<div data-spectra-id=\"spectra-b8e429d1-d670-4f7f-b0e9-978735c465ef\" class=\"spectra-list-icon spectra-list-icon-unordered wp-block-spectra-list-child-icon\">\n\t\t\t\t\t\t<svg class=\"spectra-icon\" xmlns=\"https:\/\/www.w3.org\/2000\/svg\" viewBox=\"0 0 512 512\" focusable=\"false\" style=\"fill: currentColor\"><path d=\"M512 256C512 397.4 397.4 512 256 512C114.6 512 0 397.4 0 256C0 114.6 114.6 0 256 0C397.4 0 512 114.6 512 256z\"><\/path><\/svg>\n\t\t\t\t<\/div>\n\n\n<div data-spectra-id=\"spectra-7110d84c-52ba-4f78-a0d3-4d8fcdc0612a\" style=\"overflow: visible\" class=\"spectra-overlay-color spectra-overflow wp-block-spectra-container\" data-orientation=\"vertical\">\n\t\n\n<p>Encourager le bilinguisme par des contenus accessibles.<\/p>\n\n<\/div>\n\n<\/li>\n\n<\/ul>\n<\/div>\n<\/div>\n\n\n<div data-spectra-id=\"spectra-mkkgg9kw-prwr6p\" style=\"display: flex; justify-content: center; \" class=\"wp-block-spectra-separator alignfull wp-block-spectra-separator\">\n\t<div class=\"spectra-separator-line\" style=\"margin-left: auto; margin-right: auto; background-color: currentColor; \"><\/div>\n<\/div>\n\n\n\n<h2 class=\"wp-block-heading\"><strong>Nos valeurs <\/strong><\/h2>\n\n\n\n<h4 class=\"wp-block-heading has-text-align-left\"><strong>Inclusion &#8211; authenticit\u00e9 &#8211; cr\u00e9ativit\u00e9 &#8211; usage de la langue fran\u00e7aise &#8211; lutte contre la discrimination<\/strong><\/h4>\n\n\n<div data-spectra-id=\"spectra-mkkgg3i5-x5fj0p\" style=\"display: flex; justify-content: center; \" class=\"wp-block-spectra-separator alignfull wp-block-spectra-separator\">\n\t<div class=\"spectra-separator-line\" style=\"margin-left: auto; margin-right: auto; background-color: currentColor; \"><\/div>\n<\/div>\n\n\n\n<h2 class=\"wp-block-heading\">Nos signatures <\/h2>\n\n\n\n<div class=\"wp-block-columns is-layout-flex wp-container-core-columns-is-layout-28f84493 wp-block-columns-is-layout-flex\">\n<div class=\"wp-block-column is-layout-flow wp-block-column-is-layout-flow\">\n<h2 class=\"wp-block-heading\">Base session<\/h2>\n\n\n\n<figure data-spectra-id=\"spectra-mkkbamjr-32az3g\" class=\"wp-block-image size-large\"><img fetchpriority=\"high\" decoding=\"async\" width=\"819\" height=\"1024\" src=\"https:\/\/artaudioclub.com\/wp-content\/uploads\/2026\/01\/Base-Session-Poster.png-1-819x1024.png\" alt=\"base session poster.png (1)\" class=\"wp-image-2104\" title=\"LE CLUB\" srcset=\"https:\/\/artaudioclub.com\/wp-content\/uploads\/2026\/01\/Base-Session-Poster.png-1-819x1024.png 819w, https:\/\/artaudioclub.com\/wp-content\/uploads\/2026\/01\/Base-Session-Poster.png-1-240x300.png 240w, https:\/\/artaudioclub.com\/wp-content\/uploads\/2026\/01\/Base-Session-Poster.png-1-768x960.png 768w, https:\/\/artaudioclub.com\/wp-content\/uploads\/2026\/01\/Base-Session-Poster.png-1-1229x1536.png 1229w, https:\/\/artaudioclub.com\/wp-content\/uploads\/2026\/01\/Base-Session-Poster.png-1-1638x2048.png 1638w, https:\/\/artaudioclub.com\/wp-content\/uploads\/2026\/01\/Base-Session-Poster.png-1-scaled.png 2048w\" sizes=\"(max-width: 819px) 100vw, 819px\" \/><\/figure>\n\n\n\n<p><strong>Base Session<\/strong> investit le <em>Nostalgica <\/em>Pub pour une nuit o\u00f9 les genres se confondent et les talents se r\u00e9v\u00e8lent.<\/p>\n\n\n\n<p><strong>Ce rendez-vous pluridisciplinaire c\u00e9l\u00e8bre la sc\u00e8ne locale \u00e0 travers un format dynamique : showcases curat\u00e9s, improvisations libres et transitions DJ millim\u00e9tr\u00e9es.<\/strong><\/p>\n\n\n\n<p>Parce que chaque instant de g\u00e9nie m\u00e9rite d&rsquo;\u00eatre immortalis\u00e9, les performances sont captur\u00e9es et publi\u00e9es pour mettre en lumi\u00e8re les nouveaux visages de la culture. <\/p>\n\n\n<div data-spectra-id=\"spectra-mkkpi453-jttcui\" class=\"wp-block-button spectra-buttons wp-block-spectra-buttons\">\n\t\n<a data-spectra-id=\"spectra-mkkpi4lv-xh7v9g\" href=\"https:\/\/artaudioclub.com\/?page_id=2204\" target=\"_self\" aria-label=\"Base session\" class=\"wp-block-button__link wp-element-button wp-block-spectra-button\">\n<div class=\"spectra-button__link\">Base session<\/div><\/a>\n\n<\/div>\n<\/div>\n\n\n\n<div class=\"wp-block-column is-layout-flow wp-block-column-is-layout-flow\">\n<h2 class=\"wp-block-heading\">open mic<\/h2>\n\n\n\n<figure data-spectra-id=\"spectra-mkkbay0o-8lv97k\" class=\"wp-block-image size-large is-resized\"><img decoding=\"async\" width=\"576\" height=\"1024\" src=\"https:\/\/artaudioclub.com\/wp-content\/uploads\/2026\/01\/ART-AUDIO-CLUB-STUFFS.zip-26-1-576x1024.png\" alt=\"art audio club stuffs.zip 26 (1)\" class=\"wp-image-2127\" title=\"LE CLUB\" srcset=\"https:\/\/artaudioclub.com\/wp-content\/uploads\/2026\/01\/ART-AUDIO-CLUB-STUFFS.zip-26-1-576x1024.png 576w, https:\/\/artaudioclub.com\/wp-content\/uploads\/2026\/01\/ART-AUDIO-CLUB-STUFFS.zip-26-1-169x300.png 169w, https:\/\/artaudioclub.com\/wp-content\/uploads\/2026\/01\/ART-AUDIO-CLUB-STUFFS.zip-26-1-768x1365.png 768w, https:\/\/artaudioclub.com\/wp-content\/uploads\/2026\/01\/ART-AUDIO-CLUB-STUFFS.zip-26-1-864x1536.png 864w, https:\/\/artaudioclub.com\/wp-content\/uploads\/2026\/01\/ART-AUDIO-CLUB-STUFFS.zip-26-1-1152x2048.png 1152w, https:\/\/artaudioclub.com\/wp-content\/uploads\/2026\/01\/ART-AUDIO-CLUB-STUFFS.zip-26-1-scaled.png 1440w\" sizes=\"(max-width: 576px) 100vw, 576px\" \/><\/figure>\n\n\n\n<p><strong><em>Un micro. Un beat. Le campus pour d\u00e9cor.<\/em><\/strong><\/p>\n\n\n\n<p>Open Mic est un concept mensuel mis en place pour capturer la spontan\u00e9it\u00e9 de l&rsquo;\u00e2me cr\u00e9atives Le rituel est simple : <strong>branchez votre prod, saisissez le micro et laissez l&rsquo;inspiration faire le reste<\/strong>.<\/p>\n\n\n\n<p>Jusqu&rsquo;en avril 2026, chaque session est et sera document\u00e9e pour mettre en lumi\u00e8re la diversit\u00e9 des plumes et des rythmes. <\/p>\n\n\n\n<p><strong>Le bitume devient studio, l&rsquo;improvisation devient \u0153uvre.<\/strong><\/p>\n<\/div>\n<\/div>\n\n\n\n<p><\/p>\n","protected":false},"excerpt":{"rendered":"<p>Le club Au c\u0153ur du campus de l\u2019Universit\u00e9 d\u2019Ottawa, le Club d\u2019art audio ( Art Audio Club ou encore ACC) s&rsquo;impose comme le sanctuaire de la cr\u00e9ation \u00e9mergente. Bien plus qu\u2019un espace de rencontre, c\u2019est un laboratoire de collisions cr\u00e9atives o\u00f9 l\u2019exp\u00e9rimentation sonore rencontre la synergie collective. Fond\u00e9 le 11 avril 2025 et d\u00e9di\u00e9 \u00e0 [&hellip;]<\/p>\n","protected":false},"author":1,"featured_media":0,"parent":0,"menu_order":0,"comment_status":"closed","ping_status":"closed","template":"","meta":{"_uag_custom_page_level_css":"","site-sidebar-layout":"no-sidebar","site-content-layout":"page-builder","ast-site-content-layout":"full-width-container","site-content-style":"unboxed","site-sidebar-style":"unboxed","ast-global-header-display":"","ast-banner-title-visibility":"","ast-main-header-display":"","ast-hfb-above-header-display":"","ast-hfb-below-header-display":"","ast-hfb-mobile-header-display":"","site-post-title":"disabled","ast-breadcrumbs-content":"","ast-featured-img":"disabled","footer-sml-layout":"","ast-disable-related-posts":"","theme-transparent-header-meta":"enabled","adv-header-id-meta":"","stick-header-meta":"","header-above-stick-meta":"","header-main-stick-meta":"","header-below-stick-meta":"","astra-migrate-meta-layouts":"set","ast-page-background-enabled":"default","ast-page-background-meta":{"desktop":{"background-color":"","background-image":"","background-repeat":"repeat","background-position":"center center","background-size":"auto","background-attachment":"scroll","background-type":"","background-media":"","overlay-type":"","overlay-color":"","overlay-opacity":"","overlay-gradient":""},"tablet":{"background-color":"","background-image":"","background-repeat":"repeat","background-position":"center center","background-size":"auto","background-attachment":"scroll","background-type":"","background-media":"","overlay-type":"","overlay-color":"","overlay-opacity":"","overlay-gradient":""},"mobile":{"background-color":"","background-image":"","background-repeat":"repeat","background-position":"center center","background-size":"auto","background-attachment":"scroll","background-type":"","background-media":"","overlay-type":"","overlay-color":"","overlay-opacity":"","overlay-gradient":""}},"ast-content-background-meta":{"desktop":{"background-color":"var(--ast-global-color-5)","background-image":"","background-repeat":"repeat","background-position":"center center","background-size":"auto","background-attachment":"scroll","background-type":"","background-media":"","overlay-type":"","overlay-color":"","overlay-opacity":"","overlay-gradient":""},"tablet":{"background-color":"var(--ast-global-color-5)","background-image":"","background-repeat":"repeat","background-position":"center center","background-size":"auto","background-attachment":"scroll","background-type":"","background-media":"","overlay-type":"","overlay-color":"","overlay-opacity":"","overlay-gradient":""},"mobile":{"background-color":"var(--ast-global-color-5)","background-image":"","background-repeat":"repeat","background-position":"center center","background-size":"auto","background-attachment":"scroll","background-type":"","background-media":"","overlay-type":"","overlay-color":"","overlay-opacity":"","overlay-gradient":""}},"footnotes":""},"class_list":["post-694","page","type-page","status-publish","hentry"],"_hostinger_reach_plugin_has_subscription_block":false,"_hostinger_reach_plugin_is_elementor":false,"uagb_featured_image_src":{"full":false,"thumbnail":false,"medium":false,"medium_large":false,"large":false,"1536x1536":false,"2048x2048":false},"uagb_author_info":{"display_name":"abaevelynewilliam@gmail.com","author_link":"https:\/\/artaudioclub.com\/?author=1"},"uagb_comment_info":0,"uagb_excerpt":"Le club Au c\u0153ur du campus de l\u2019Universit\u00e9 d\u2019Ottawa, le Club d\u2019art audio ( Art Audio Club ou encore ACC) s&rsquo;impose comme le sanctuaire de la cr\u00e9ation \u00e9mergente. Bien plus qu\u2019un espace de rencontre, c\u2019est un laboratoire de collisions cr\u00e9atives o\u00f9 l\u2019exp\u00e9rimentation sonore rencontre la synergie collective. Fond\u00e9 le 11 avril 2025 et d\u00e9di\u00e9 \u00e0\u2026","_links":{"self":[{"href":"https:\/\/artaudioclub.com\/index.php?rest_route=\/wp\/v2\/pages\/694","targetHints":{"allow":["GET"]}}],"collection":[{"href":"https:\/\/artaudioclub.com\/index.php?rest_route=\/wp\/v2\/pages"}],"about":[{"href":"https:\/\/artaudioclub.com\/index.php?rest_route=\/wp\/v2\/types\/page"}],"author":[{"embeddable":true,"href":"https:\/\/artaudioclub.com\/index.php?rest_route=\/wp\/v2\/users\/1"}],"replies":[{"embeddable":true,"href":"https:\/\/artaudioclub.com\/index.php?rest_route=%2Fwp%2Fv2%2Fcomments&post=694"}],"version-history":[{"count":23,"href":"https:\/\/artaudioclub.com\/index.php?rest_route=\/wp\/v2\/pages\/694\/revisions"}],"predecessor-version":[{"id":2224,"href":"https:\/\/artaudioclub.com\/index.php?rest_route=\/wp\/v2\/pages\/694\/revisions\/2224"}],"wp:attachment":[{"href":"https:\/\/artaudioclub.com\/index.php?rest_route=%2Fwp%2Fv2%2Fmedia&parent=694"}],"curies":[{"name":"wp","href":"https:\/\/api.w.org\/{rel}","templated":true}]}}