{"id":698,"date":"2026-01-17T03:29:22","date_gmt":"2026-01-17T03:29:22","guid":{"rendered":"https:\/\/artaudioclub.com\/contact\/"},"modified":"2026-01-19T05:29:11","modified_gmt":"2026-01-19T05:29:11","slug":"contact","status":"publish","type":"page","link":"https:\/\/artaudioclub.com\/?page_id=698","title":{"rendered":"CONTACT"},"content":{"rendered":"\n<h2 class=\"wp-block-heading\">Nos Coordonn\u00e9es<\/h2>\n\n\n\n<p>Nous sommes ouverts tous les jours. Vous pouvez nous joindre par Instagram ou le formulaire de contact ci-dessous. Nous vous r\u00e9pondrons dans un d\u00e9lai maximal de 72 h. <\/p>\n\n\n\n<ul class=\"wp-block-list\">\n<li><strong>Courriel :<\/strong> <a href=\"mailto:contact@artaudioclub.com\">contact@artaudioclub.com<\/a><\/li>\n\n\n\n<li><strong>Num\u00e9ro de t\u00e9l\u00e9phone :<\/strong> (613) 324 &#8211; 0783<\/li>\n\n\n\n<li><strong>Adresse :<\/strong> Bureau 215 F, 85 Rue Universit\u00e9 Priv\u00e9e, Ottawa, ON, K1N 6N5<\/li>\n<\/ul>\n\n\n<div data-spectra-id=\"spectra-mkkg9goo-s80r46\" style=\"display: flex; justify-content: center; \" class=\"wp-block-spectra-separator alignfull wp-block-spectra-separator\">\n\t<div class=\"spectra-separator-line\" style=\"margin-left: auto; margin-right: auto; background-color: currentColor; \"><\/div>\n<\/div>\n\n\n\n<p><\/p>\n","protected":false},"excerpt":{"rendered":"<p>Nos Coordonn\u00e9es Nous sommes ouverts tous les jours. Vous pouvez nous joindre par Instagram ou le formulaire de contact ci-dessous. Nous vous r\u00e9pondrons dans un d\u00e9lai maximal de 72 h.<\/p>\n","protected":false},"author":1,"featured_media":0,"parent":0,"menu_order":0,"comment_status":"closed","ping_status":"closed","template":"","meta":{"_uag_custom_page_level_css":"","site-sidebar-layout":"default","site-content-layout":"plain-container","ast-site-content-layout":"normal-width-container","site-content-style":"unboxed","site-sidebar-style":"unboxed","ast-global-header-display":"","ast-banner-title-visibility":"","ast-main-header-display":"","ast-hfb-above-header-display":"","ast-hfb-below-header-display":"","ast-hfb-mobile-header-display":"","site-post-title":"disabled","ast-breadcrumbs-content":"","ast-featured-img":"disabled","footer-sml-layout":"","ast-disable-related-posts":"","theme-transparent-header-meta":"enabled","adv-header-id-meta":"","stick-header-meta":"","header-above-stick-meta":"","header-main-stick-meta":"","header-below-stick-meta":"","astra-migrate-meta-layouts":"set","ast-page-background-enabled":"default","ast-page-background-meta":{"desktop":{"background-color":"","background-image":"","background-repeat":"repeat","background-position":"center center","background-size":"auto","background-attachment":"scroll","background-type":"","background-media":"","overlay-type":"","overlay-color":"","overlay-opacity":"","overlay-gradient":""},"tablet":{"background-color":"","background-image":"","background-repeat":"repeat","background-position":"center center","background-size":"auto","background-attachment":"scroll","background-type":"","background-media":"","overlay-type":"","overlay-color":"","overlay-opacity":"","overlay-gradient":""},"mobile":{"background-color":"","background-image":"","background-repeat":"repeat","background-position":"center center","background-size":"auto","background-attachment":"scroll","background-type":"","background-media":"","overlay-type":"","overlay-color":"","overlay-opacity":"","overlay-gradient":""}},"ast-content-background-meta":{"desktop":{"background-color":"var(--ast-global-color-5)","background-image":"","background-repeat":"repeat","background-position":"center center","background-size":"auto","background-attachment":"scroll","background-type":"","background-media":"","overlay-type":"","overlay-color":"","overlay-opacity":"","overlay-gradient":""},"tablet":{"background-color":"var(--ast-global-color-5)","background-image":"","background-repeat":"repeat","background-position":"center center","background-size":"auto","background-attachment":"scroll","background-type":"","background-media":"","overlay-type":"","overlay-color":"","overlay-opacity":"","overlay-gradient":""},"mobile":{"background-color":"var(--ast-global-color-5)","background-image":"","background-repeat":"repeat","background-position":"center center","background-size":"auto","background-attachment":"scroll","background-type":"","background-media":"","overlay-type":"","overlay-color":"","overlay-opacity":"","overlay-gradient":""}},"footnotes":""},"class_list":["post-698","page","type-page","status-publish","hentry"],"_hostinger_reach_plugin_has_subscription_block":false,"_hostinger_reach_plugin_is_elementor":false,"uagb_featured_image_src":{"full":false,"thumbnail":false,"medium":false,"medium_large":false,"large":false,"1536x1536":false,"2048x2048":false},"uagb_author_info":{"display_name":"abaevelynewilliam@gmail.com","author_link":"https:\/\/artaudioclub.com\/?author=1"},"uagb_comment_info":0,"uagb_excerpt":"Nos Coordonn\u00e9es Nous sommes ouverts tous les jours. Vous pouvez nous joindre par Instagram ou le formulaire de contact ci-dessous. Nous vous r\u00e9pondrons dans un d\u00e9lai maximal de 72 h.","_links":{"self":[{"href":"https:\/\/artaudioclub.com\/index.php?rest_route=\/wp\/v2\/pages\/698","targetHints":{"allow":["GET"]}}],"collection":[{"href":"https:\/\/artaudioclub.com\/index.php?rest_route=\/wp\/v2\/pages"}],"about":[{"href":"https:\/\/artaudioclub.com\/index.php?rest_route=\/wp\/v2\/types\/page"}],"author":[{"embeddable":true,"href":"https:\/\/artaudioclub.com\/index.php?rest_route=\/wp\/v2\/users\/1"}],"replies":[{"embeddable":true,"href":"https:\/\/artaudioclub.com\/index.php?rest_route=%2Fwp%2Fv2%2Fcomments&post=698"}],"version-history":[{"count":10,"href":"https:\/\/artaudioclub.com\/index.php?rest_route=\/wp\/v2\/pages\/698\/revisions"}],"predecessor-version":[{"id":2225,"href":"https:\/\/artaudioclub.com\/index.php?rest_route=\/wp\/v2\/pages\/698\/revisions\/2225"}],"wp:attachment":[{"href":"https:\/\/artaudioclub.com\/index.php?rest_route=%2Fwp%2Fv2%2Fmedia&parent=698"}],"curies":[{"name":"wp","href":"https:\/\/api.w.org\/{rel}","templated":true}]}}